{"id":4495,"date":"2025-12-03T07:23:15","date_gmt":"2025-12-03T07:23:15","guid":{"rendered":"https:\/\/sidemountsociety.com\/o-nas\/"},"modified":"2026-01-06T13:42:36","modified_gmt":"2026-01-06T13:42:36","slug":"o-nas-sidemount-society-gozo-malta","status":"publish","type":"page","link":"https:\/\/sidemountsociety.com\/pl\/o-nas-sidemount-society-gozo-malta\/","title":{"rendered":"O nas"},"content":{"rendered":"\t\t<div data-elementor-type=\"wp-page\" data-elementor-id=\"4495\" class=\"elementor elementor-4495 elementor-14\" data-elementor-post-type=\"page\">\n\t\t\t\t<div class=\"elementor-element elementor-element-85cb161 e-flex e-con-boxed e-con e-parent\" data-id=\"85cb161\" data-element_type=\"container\" data-e-type=\"container\" data-settings=\"{&quot;background_background&quot;:&quot;classic&quot;}\">\n\t\t\t\t\t<div class=\"e-con-inner\">\n\t\t\t\t<div class=\"elementor-element elementor-element-5890372 elementor-widget elementor-widget-heading\" data-id=\"5890372\" data-element_type=\"widget\" data-e-type=\"widget\" data-widget_type=\"heading.default\">\n\t\t\t\t<div class=\"elementor-widget-container\">\n\t\t\t\t\t<h1 class=\"elementor-heading-title elementor-size-default\">O Sidemount Society<\/h1>\t\t\t\t<\/div>\n\t\t\t\t<\/div>\n\t\t\t\t\t<\/div>\n\t\t\t\t<\/div>\n\t\t<div class=\"elementor-element elementor-element-f105ca5 e-flex e-con-boxed e-con e-parent\" data-id=\"f105ca5\" data-element_type=\"container\" data-e-type=\"container\" data-settings=\"{&quot;background_background&quot;:&quot;classic&quot;,&quot;shape_divider_bottom_negative&quot;:&quot;yes&quot;,&quot;shape_divider_bottom&quot;:&quot;triangle&quot;}\">\n\t\t\t\t\t<div class=\"e-con-inner\">\n\t\t\t\t<div class=\"elementor-shape elementor-shape-bottom\" aria-hidden=\"true\" data-negative=\"true\">\n\t\t\t<svg xmlns=\"http:\/\/www.w3.org\/2000\/svg\" viewBox=\"0 0 1000 100\" preserveAspectRatio=\"none\">\n\t<path class=\"elementor-shape-fill\" d=\"M500.2,94.7L0,0v100h1000V0L500.2,94.7z\"\/>\n<\/svg>\t\t<\/div>\n\t\t\t\t\t<\/div>\n\t\t\t\t<\/div>\n\t\t<div class=\"elementor-element elementor-element-fcd0cd1 e-flex e-con-boxed e-con e-parent\" data-id=\"fcd0cd1\" data-element_type=\"container\" data-e-type=\"container\" data-settings=\"{&quot;background_background&quot;:&quot;gradient&quot;,&quot;shape_divider_bottom&quot;:&quot;triangle-asymmetrical&quot;,&quot;shape_divider_bottom_negative&quot;:&quot;yes&quot;}\">\n\t\t\t\t\t<div class=\"e-con-inner\">\n\t\t\t\t<div class=\"elementor-shape elementor-shape-bottom\" aria-hidden=\"true\" data-negative=\"true\">\n\t\t\t<svg xmlns=\"http:\/\/www.w3.org\/2000\/svg\" viewBox=\"0 0 1000 100\" preserveAspectRatio=\"none\">\n\t<path class=\"elementor-shape-fill\" d=\"M737.9,94.7L0,0v100h1000V0L737.9,94.7z\"\/>\n<\/svg>\t\t<\/div>\n\t\t\t\t<div class=\"elementor-element elementor-element-6be04b3 elementor-widget elementor-widget-heading\" data-id=\"6be04b3\" data-element_type=\"widget\" data-e-type=\"widget\" data-widget_type=\"heading.default\">\n\t\t\t\t<div class=\"elementor-widget-container\">\n\t\t\t\t\t<h2 class=\"elementor-heading-title elementor-size-default\">Dlaczego Sidemount Society - Odkryj sztuk\u0119 nurkowania\n<\/h2>\t\t\t\t<\/div>\n\t\t\t\t<\/div>\n\t\t<div class=\"elementor-element elementor-element-fa98339 e-flex e-con-boxed e-con e-child\" data-id=\"fa98339\" data-element_type=\"container\" data-e-type=\"container\">\n\t\t\t\t\t<div class=\"e-con-inner\">\n\t\t<div class=\"elementor-element elementor-element-4c3d809 e-con-full e-flex e-con e-child\" data-id=\"4c3d809\" data-element_type=\"container\" data-e-type=\"container\">\n\t\t\t\t<div class=\"elementor-element elementor-element-bda7160 elementor-widget__width-initial elementor-widget elementor-widget-text-editor\" data-id=\"bda7160\" data-element_type=\"widget\" data-e-type=\"widget\" data-widget_type=\"text-editor.default\">\n\t\t\t\t<div class=\"elementor-widget-container\">\n\t\t\t\t\t\t\t\t\t<p><span style=\"font-weight: 400;\">Sidemount Society to miejsce dla nurk\u00f3w, kt\u00f3rzy szukaj\u0105 wyzwa\u0144, dla tych, kt\u00f3rzy chc\u0105 doda\u0107 nowy wymiar do swojego czasu pod wod\u0105, lub ju\u017c z\u0142apali bakcyla sidemount i chc\u0105 przenie\u015b\u0107 go na wy\u017cszy poziom.<br><\/span><\/p>\t\t\t\t\t\t\t\t<\/div>\n\t\t\t\t<\/div>\n\t\t\t\t<div class=\"elementor-element elementor-element-34f4414 elementor-widget__width-initial elementor-widget-tablet__width-initial elementor-widget elementor-widget-text-editor\" data-id=\"34f4414\" data-element_type=\"widget\" data-e-type=\"widget\" data-widget_type=\"text-editor.default\">\n\t\t\t\t<div class=\"elementor-widget-container\">\n\t\t\t\t\t\t\t\t\t<p><span style=\"font-weight: 400;\">Sidemount Society ma siedzib\u0119 na nurkowym placu zabaw &#8211; wyspie Gozo na Morzu \u015ar\u00f3dziemnym. Po tym, jak zostali\u015bmy zaskoczeni podczas naszej pierwszej wizyty w &#8217;22, sp\u0119dzili\u015bmy kolejny rok nurkuj\u0105c w Azji Po\u0142udniowo-Wschodniej, zanim zdecydowali\u015bmy, \u017ce ten wspania\u0142y klejnot wyspy b\u0119dzie doskona\u0142\u0105 baz\u0105 dla Sidemount Society. Naszym zdaniem, z ponad 30 r\u00f3\u017cnorodnymi miejscami nurkowymi dost\u0119pnymi z brzegu, jest to idealne miejsce do uprawiania nurkowania w konfiguracji sidemount. <br><\/span><\/p>\t\t\t\t\t\t\t\t<\/div>\n\t\t\t\t<\/div>\n\t\t\t\t<\/div>\n\t\t\t\t<div class=\"elementor-element elementor-element-956f322 elementor-widget__width-initial elementor-widget-tablet__width-initial elementor-widget elementor-widget-ucaddon_image_shapes\" data-id=\"956f322\" data-element_type=\"widget\" data-e-type=\"widget\" data-widget_type=\"ucaddon_image_shapes.default\">\n\t\t\t\t<div class=\"elementor-widget-container\">\n\t\t\t\t\t\n<!-- start Image Shapes -->\n<style>\/* widget: Image Shapes *\/\n\n#uc_image_shapes_elementor_956f322\n{\n  background-image:url();\n  background-blend-mode: luminosity;\n  background-size:cover;\n  background-repeat:no-repeat;\n  clip-path: polygon(100% 0%, 75% 50%, 100% 100%, 25% 100%, 0% 50%, 25% 0%);\n  background-position:center;\n  position:relative;\n  overflow:hidden;\n  \n\t\n\n  \n}\n\n#uc_image_shapes_elementor_956f322 .ue-overlay\n{\n  position:absolute;\n  top:0;\n  bottom:0;\n  right:0;\n  left:0;\n}\n\n.ue-shape-wrapper\n{\n  display:flex;\n}\n\n<\/style>\n\n\t\n<div class=\"ue-shape-wrapper\">\n  \n<div id=\"uc_image_shapes_elementor_956f322\" style=\"background-image:url(https:\/\/sidemountsociety.com\/wp-content\/uploads\/2023\/12\/Sidemount-Society3_768px.jpg)\" class=\"ue_image_shape\">\n\t  <\/div>\n  \n<\/div>\n  \n  \n\n<!-- end Image Shapes -->\t\t\t\t<\/div>\n\t\t\t\t<\/div>\n\t\t\t\t\t<\/div>\n\t\t\t\t<\/div>\n\t\t\t\t\t<\/div>\n\t\t\t\t<\/div>\n\t\t<div class=\"elementor-element elementor-element-366b56d e-flex e-con-boxed e-con e-parent\" data-id=\"366b56d\" data-element_type=\"container\" data-e-type=\"container\" data-settings=\"{&quot;background_background&quot;:&quot;gradient&quot;}\">\n\t\t\t\t\t<div class=\"e-con-inner\">\n\t\t\t\t<div class=\"elementor-element elementor-element-4730a38 elementor-widget elementor-widget-heading\" data-id=\"4730a38\" data-element_type=\"widget\" data-e-type=\"widget\" data-widget_type=\"heading.default\">\n\t\t\t\t<div class=\"elementor-widget-container\">\n\t\t\t\t\t<h2 class=\"elementor-heading-title elementor-size-default\">Zesp\u00f3\u0142 Sidemount Society<\/h2>\t\t\t\t<\/div>\n\t\t\t\t<\/div>\n\t\t<div class=\"elementor-element elementor-element-672b9ae e-flex e-con-boxed e-con e-child\" data-id=\"672b9ae\" data-element_type=\"container\" data-e-type=\"container\">\n\t\t\t\t\t<div class=\"e-con-inner\">\n\t\t\t\t<div class=\"elementor-element elementor-element-d85f035 elementor-widget__width-initial elementor-widget-tablet__width-initial elementor-widget elementor-widget-ucaddon_image_shapes\" data-id=\"d85f035\" data-element_type=\"widget\" data-e-type=\"widget\" data-widget_type=\"ucaddon_image_shapes.default\">\n\t\t\t\t<div class=\"elementor-widget-container\">\n\t\t\t\t\t\n<!-- start Image Shapes -->\n<style>\/* widget: Image Shapes *\/\n\n#uc_image_shapes_elementor_d85f035\n{\n  background-image:url();\n  background-blend-mode: luminosity;\n  background-size:cover;\n  background-repeat:no-repeat;\n  clip-path: polygon(75% 0%, 100% 50%, 75% 100%, 0% 100%, 25% 50%, 0% 0%);\n  background-position:center;\n  position:relative;\n  overflow:hidden;\n  \n\t\n\n  \n}\n\n#uc_image_shapes_elementor_d85f035 .ue-overlay\n{\n  position:absolute;\n  top:0;\n  bottom:0;\n  right:0;\n  left:0;\n}\n\n.ue-shape-wrapper\n{\n  display:flex;\n}\n\n<\/style>\n\n\t\n<div class=\"ue-shape-wrapper\">\n  \n<div id=\"uc_image_shapes_elementor_d85f035\" style=\"background-image:url(https:\/\/sidemountsociety.com\/wp-content\/uploads\/2023\/12\/chris768px.jpg)\" class=\"ue_image_shape\">\n\t  <\/div>\n  \n<\/div>\n  \n  \n\n<!-- end Image Shapes -->\t\t\t\t<\/div>\n\t\t\t\t<\/div>\n\t\t<div class=\"elementor-element elementor-element-65227d3 e-con-full e-flex e-con e-child\" data-id=\"65227d3\" data-element_type=\"container\" data-e-type=\"container\">\n\t\t\t\t<div class=\"elementor-element elementor-element-eeb56ca elementor-widget elementor-widget-heading\" data-id=\"eeb56ca\" data-element_type=\"widget\" data-e-type=\"widget\" data-widget_type=\"heading.default\">\n\t\t\t\t<div class=\"elementor-widget-container\">\n\t\t\t\t\t<h3 class=\"elementor-heading-title elementor-size-default\">Chris Godlewski<\/h3>\t\t\t\t<\/div>\n\t\t\t\t<\/div>\n\t\t\t\t<div class=\"elementor-element elementor-element-e34826d elementor-widget__width-initial elementor-widget elementor-widget-text-editor\" data-id=\"e34826d\" data-element_type=\"widget\" data-e-type=\"widget\" data-widget_type=\"text-editor.default\">\n\t\t\t\t<div class=\"elementor-widget-container\">\n\t\t\t\t\t\t\t\t\t<p><span style=\"font-weight: 400;\">Twoim przewodnikiem w podr\u00f3\u017cy z sidemount b\u0119dzie Chris Godlewski &#8211; zapalony nurek, instruktor sidemount i fotograf, kt\u00f3ry je, oddycha i \u015bpi w sidemouncie. Dla Chrisa sidemount to <a title=\"Dlaczego sidemount\" href=\"https:\/\/sidemountsociety.com\/pl\/dlaczego-warto-nurkowac-sidemount\/\">nie tylko konfiguracja &#8211; to spos\u00f3b na \u017cycie!<\/a> Chris wierzy, \u017ce sidemount zrewolucjonizuje nurkowanie i nie kocha niczego bardziej ni\u017c dzielenie si\u0119 tym z innymi. <\/span><\/p>\t\t\t\t\t\t\t\t<\/div>\n\t\t\t\t<\/div>\n\t\t\t\t<div class=\"elementor-element elementor-element-5fdf9aa elementor-widget__width-initial elementor-widget elementor-widget-text-editor\" data-id=\"5fdf9aa\" data-element_type=\"widget\" data-e-type=\"widget\" data-widget_type=\"text-editor.default\">\n\t\t\t\t<div class=\"elementor-widget-container\">\n\t\t\t\t\t\t\t\t\t<p><span style=\"font-weight: 400;\">Chris specjalizuje si\u0119 w <a title=\"kursy sidemount Gozo, Malta\" href=\"https:\/\/sidemountsociety.com\/pl\/kursy-sidemount-warsztaty-gozo-malta\/\">rekreacyjnym i technicznym szkoleniu<\/a> sidemount, ucz\u0105c Ci\u0119 korzystania z tej pi\u0119knej konfiguracji, niezale\u017cnie od tego, czy s\u0105 to 2 butle, czy wi\u0119cej. <a title=\"Rekreacyjny kurs sidemount\" href=\"https:\/\/sidemountsociety.com\/sidemount-courses\/recreational-sidemount-course-in-gozo-malta\/\">Tw\u00f3j kurs sidemount b\u0119dzie w pe\u0142ni dostosowany do Ciebie<\/a>, Twoich potrzeb i preferencji nurkowych. Niezale\u017cnie od tego, czy nurkujesz na sucho, na mokro, z butl\u0105 aluminiow\u0105 czy te\u017c ze stali, Chris pomo\u017ce ci zoptymalizowa\u0107 konfiguracj\u0119, aby uzyska\u0107 idealny trym, r\u00f3wnowag\u0119 i stabilno\u015b\u0107 w wodzie. Nie tylko twoje nurkowanie radykalnie si\u0119 poprawi, ale b\u0119dziesz tak\u017ce bezpieczniejszy, bardziej samowystarczalny i \u015bwiadomy siebie i swojego otoczenia.<\/span><\/p>\t\t\t\t\t\t\t\t<\/div>\n\t\t\t\t<\/div>\n\t\t\t\t<\/div>\n\t\t\t\t\t<\/div>\n\t\t\t\t<\/div>\n\t\t<div class=\"elementor-element elementor-element-6e2f3fa e-flex e-con-boxed e-con e-child\" data-id=\"6e2f3fa\" data-element_type=\"container\" data-e-type=\"container\">\n\t\t\t\t\t<div class=\"e-con-inner\">\n\t\t<div class=\"elementor-element elementor-element-aabbe93 e-con-full e-flex e-con e-child\" data-id=\"aabbe93\" data-element_type=\"container\" data-e-type=\"container\">\n\t\t\t\t<div class=\"elementor-element elementor-element-e07bfc4 elementor-widget elementor-widget-heading\" data-id=\"e07bfc4\" data-element_type=\"widget\" data-e-type=\"widget\" data-widget_type=\"heading.default\">\n\t\t\t\t<div class=\"elementor-widget-container\">\n\t\t\t\t\t<h3 class=\"elementor-heading-title elementor-size-default\">Chloe Godlewski<\/h3>\t\t\t\t<\/div>\n\t\t\t\t<\/div>\n\t\t\t\t<div class=\"elementor-element elementor-element-437d5a1 elementor-widget__width-initial elementor-widget elementor-widget-text-editor\" data-id=\"437d5a1\" data-element_type=\"widget\" data-e-type=\"widget\" data-widget_type=\"text-editor.default\">\n\t\t\t\t<div class=\"elementor-widget-container\">\n\t\t\t\t\t\t\t\t\t<p>Chloe jest niezale\u017cnym instruktorem nurkowania od 2014 roku, uczy\u0142a ju\u017c w Meksyku, Londynie, na Filipinach i na Gozo! Uwielbia dzieli\u0107 si\u0119 swoj\u0105 mi\u0142o\u015bci\u0105 do dziwnego i wspania\u0142ego podwodnego \u015bwiata &#8211; zw\u0142aszcza z nowymi nurkami. Chloe z\u0142apa\u0142a bakcyla sidemount w 2018 roku po odkryciu, \u017ce doskonalenie umiej\u0119tno\u015bci sidemount jest do\u015b\u0107 uzale\u017cniaj\u0105ce! Chloe cz\u0119sto mo\u017cna spotka\u0107 pozuj\u0105c\u0105 do projekt\u00f3w fotograficznych Chrisa i praktykuj\u0105c\u0105 podwodn\u0105 medytacj\u0119 w jaskiniach Gozo. Chloe jest odpowiedzialna za marketing i zapewnia wsparcie w zakresie powierzchni i bezpiecze\u0144stwa dla <a title=\"trening sidemount gozo\" href=\"https:\/\/sidemountsociety.com\/pl\/kursy-sidemount-warsztaty-gozo-malta\/\">kurs\u00f3w Sidemount Society<\/a>.<\/p>\t\t\t\t\t\t\t\t<\/div>\n\t\t\t\t<\/div>\n\t\t\t\t<\/div>\n\t\t\t\t<div class=\"elementor-element elementor-element-81d34c4 elementor-widget__width-initial elementor-widget-mobile__width-initial elementor-widget elementor-widget-ucaddon_image_shapes\" data-id=\"81d34c4\" data-element_type=\"widget\" data-e-type=\"widget\" data-widget_type=\"ucaddon_image_shapes.default\">\n\t\t\t\t<div class=\"elementor-widget-container\">\n\t\t\t\t\t\n<!-- start Image Shapes -->\n<style>\/* widget: Image Shapes *\/\n\n#uc_image_shapes_elementor_81d34c4\n{\n  background-image:url();\n  background-blend-mode: luminosity;\n  background-size:cover;\n  background-repeat:no-repeat;\n  clip-path: polygon(100% 0%, 75% 50%, 100% 100%, 25% 100%, 0% 50%, 25% 0%);\n  background-position:center;\n  position:relative;\n  overflow:hidden;\n  \n\t\n\n  \n}\n\n#uc_image_shapes_elementor_81d34c4 .ue-overlay\n{\n  position:absolute;\n  top:0;\n  bottom:0;\n  right:0;\n  left:0;\n}\n\n.ue-shape-wrapper\n{\n  display:flex;\n}\n\n<\/style>\n\n\t\n<div class=\"ue-shape-wrapper\">\n  \n<div id=\"uc_image_shapes_elementor_81d34c4\" style=\"background-image:url(https:\/\/sidemountsociety.com\/wp-content\/uploads\/2023\/12\/chloe3_768px.jpg)\" class=\"ue_image_shape\">\n\t  <\/div>\n  \n<\/div>\n  \n  \n\n<!-- end Image Shapes -->\t\t\t\t<\/div>\n\t\t\t\t<\/div>\n\t\t\t\t\t<\/div>\n\t\t\t\t<\/div>\n\t\t\t\t\t<\/div>\n\t\t\t\t<\/div>\n\t\t<div class=\"elementor-element elementor-element-abcc1c0 e-con-full e-flex e-con e-parent\" data-id=\"abcc1c0\" data-element_type=\"container\" data-e-type=\"container\" data-settings=\"{&quot;background_background&quot;:&quot;classic&quot;}\">\n\t\t\t\t<div class=\"elementor-element elementor-element-2141396 elementor-widget__width-initial elementor-widget elementor-widget-text-editor\" data-id=\"2141396\" data-element_type=\"widget\" data-e-type=\"widget\" data-widget_type=\"text-editor.default\">\n\t\t\t\t<div class=\"elementor-widget-container\">\n\t\t\t\t\t\t\t\t\t<p><span style=\"font-weight: 400;\">By\u0107 mo\u017ce jeste\u015b ju\u017c do\u015bwiadczonym nurkiem sidemount i chcesz pochwali\u0107 si\u0119 swoimi umiej\u0119tno\u015bciami sidemount w Sidemount Story, sesji zdj\u0119ciowej lub wideo?&nbsp; Zarezerwuj sesj\u0119 zdj\u0119ciow\u0105 lub zajrzyj do naszej galerii, aby znale\u017a\u0107 inspiracj\u0119!<\/span><\/p>\t\t\t\t\t\t\t\t<\/div>\n\t\t\t\t<\/div>\n\t\t<div class=\"elementor-element elementor-element-23191b5 e-flex e-con-boxed e-con e-child\" data-id=\"23191b5\" data-element_type=\"container\" data-e-type=\"container\">\n\t\t\t\t\t<div class=\"e-con-inner\">\n\t\t\t\t<div class=\"elementor-element elementor-element-ac54a10 elementor-widget elementor-widget-ucaddon_neon_glowing_button_effect\" data-id=\"ac54a10\" data-element_type=\"widget\" data-e-type=\"widget\" data-widget_type=\"ucaddon_neon_glowing_button_effect.default\">\n\t\t\t\t<div class=\"elementor-widget-container\">\n\t\t\t\t\t\n<!-- start Neon Glowing Button Effect -->\n\t\t<link id='font-awesome-css' href='https:\/\/sidemountsociety.com\/wp-content\/plugins\/unlimited-elements-for-elementor-premium\/assets_libraries\/font-awesome6\/fontawesome-all.min.css' type='text\/css' rel='stylesheet' >\n\t\t<link id='font-awesome-4-shim-css' href='https:\/\/sidemountsociety.com\/wp-content\/plugins\/unlimited-elements-for-elementor-premium\/assets_libraries\/font-awesome6\/fontawesome-v4-shims.min.css' type='text\/css' rel='stylesheet' >\n\n<style>\/* widget: Neon Glowing Button Effect *\/\n\n#uc_neon_glowing_button_effect_elementor_ac54a10 *{\n    margin: 0;\n    box-sizing: border-box;\n}\n\n#uc_neon_glowing_button_effect_elementor_ac54a10 .ue-btn\n{\n  display:flex;\n  align-items:center;\n}\n\n#uc_neon_glowing_button_effect_elementor_ac54a10 .ue-btn svg\n{\n  height:1em;\n  width:1em;\n}\n\n\n#uc_neon_glowing_button_effect_elementor_ac54a10 a{\n    position: relative;\n    display: inline-block;\n    text-decoration: none;\n    transition: 0.5s;\n    overflow: hidden;\n   \n}\n#uc_neon_glowing_button_effect_elementor_ac54a10 a:hover{\n    background: #55DDE0;\n    box-shadow: 0 0 5px #55DDE0,\n                0 0 25px #55DDE0,\n                0 0 50px #55DDE0,\n                0 0 200px #55DDE0;\n}\n\n#uc_neon_glowing_button_effect_elementor_ac54a10 a span{\n    position: absolute;\n    display: block;\n}\n#uc_neon_glowing_button_effect_elementor_ac54a10 a span:nth-child(1){\n    top: 0;\n    left: 0;\n    width: 100%;\n    height: 2px;\n    background: linear-gradient(90deg,transparent,#55DDE0);\n    animation: animate1 1s linear infinite;\n}\n@keyframes animate1{\n    0%{\n        left: -100%;\n    }\n    50%,100%{\n        left: 100%;\n    }\n}\n#uc_neon_glowing_button_effect_elementor_ac54a10 a span:nth-child(2){\n    top: -100%;\n    right: 0;\n    width: 2px;\n    height: 100%;\n    background: linear-gradient(180deg,transparent,#55DDE0);\n    animation: animate2 1s linear infinite;\n    animation-delay: 0.25s;\n}\n@keyframes animate2{\n    0%{\n        top: -100%;\n    }\n    50%,100%{\n        top: 100%;\n    }\n}\n#uc_neon_glowing_button_effect_elementor_ac54a10 a span:nth-child(3){\n    bottom: 0;\n    right: 0;\n    width: 100%;\n    height: 2px;\n    background: linear-gradient(270deg,transparent,#55DDE0);\n    animation: animate3 1s linear infinite;\n    animation-delay: 0.50s;\n}\n@keyframes animate3{\n    0%{\n        right: -100%;\n    }\n    50%,100%{\n        right: 100%;\n    }\n}\n\n\n#uc_neon_glowing_button_effect_elementor_ac54a10 a span:nth-child(4){\n    bottom: -100%;\n    left: 0;\n    width: 2px;\n    height: 100%;\n    background: linear-gradient(360deg,transparent,#55DDE0);\n    animation: animate4 1s linear infinite;\n    animation-delay: 0.75s;\n}\n@keyframes animate4{\n    0%{\n        bottom: -100%;\n    }\n    50%,100%{\n        bottom: 100%;\n    }\n}\n\n<\/style>\n\n<div id=\"uc_neon_glowing_button_effect_elementor_ac54a10\" class=\"neon_glowing_button_effect\">\n<a href=\"https:\/\/sidemountsociety.com\/pl\/galeria-sidemount-society-gozo-malta\/\" class=\"neon_btn\" >\n        <span><\/span>\n        <span><\/span>\n        <span><\/span>\n        <span><\/span>\n  \n        <div class=\"ue-btn\">\n\n                    \n          <div class=\"ue-btn-txt\">GALERIA<\/div>\n          \n                  <\/div>\n  \n    <\/a>\n<\/div>\n<!-- end Neon Glowing Button Effect -->\t\t\t\t<\/div>\n\t\t\t\t<\/div>\n\t\t\t\t<div class=\"elementor-element elementor-element-5d89777 elementor-widget elementor-widget-ucaddon_neon_glowing_button_effect\" data-id=\"5d89777\" data-element_type=\"widget\" data-e-type=\"widget\" data-widget_type=\"ucaddon_neon_glowing_button_effect.default\">\n\t\t\t\t<div class=\"elementor-widget-container\">\n\t\t\t\t\t\n<!-- start Neon Glowing Button Effect -->\n\n<style>\/* widget: Neon Glowing Button Effect *\/\n\n#uc_neon_glowing_button_effect_elementor_5d89777 *{\n    margin: 0;\n    box-sizing: border-box;\n}\n\n#uc_neon_glowing_button_effect_elementor_5d89777 .ue-btn\n{\n  display:flex;\n  align-items:center;\n}\n\n#uc_neon_glowing_button_effect_elementor_5d89777 .ue-btn svg\n{\n  height:1em;\n  width:1em;\n}\n\n\n#uc_neon_glowing_button_effect_elementor_5d89777 a{\n    position: relative;\n    display: inline-block;\n    text-decoration: none;\n    transition: 0.5s;\n    overflow: hidden;\n   \n}\n#uc_neon_glowing_button_effect_elementor_5d89777 a:hover{\n    background: #55DDE0;\n    box-shadow: 0 0 5px #55DDE0,\n                0 0 25px #55DDE0,\n                0 0 50px #55DDE0,\n                0 0 200px #55DDE0;\n}\n\n#uc_neon_glowing_button_effect_elementor_5d89777 a span{\n    position: absolute;\n    display: block;\n}\n#uc_neon_glowing_button_effect_elementor_5d89777 a span:nth-child(1){\n    top: 0;\n    left: 0;\n    width: 100%;\n    height: 2px;\n    background: linear-gradient(90deg,transparent,#55DDE0);\n    animation: animate1 1s linear infinite;\n}\n@keyframes animate1{\n    0%{\n        left: -100%;\n    }\n    50%,100%{\n        left: 100%;\n    }\n}\n#uc_neon_glowing_button_effect_elementor_5d89777 a span:nth-child(2){\n    top: -100%;\n    right: 0;\n    width: 2px;\n    height: 100%;\n    background: linear-gradient(180deg,transparent,#55DDE0);\n    animation: animate2 1s linear infinite;\n    animation-delay: 0.25s;\n}\n@keyframes animate2{\n    0%{\n        top: -100%;\n    }\n    50%,100%{\n        top: 100%;\n    }\n}\n#uc_neon_glowing_button_effect_elementor_5d89777 a span:nth-child(3){\n    bottom: 0;\n    right: 0;\n    width: 100%;\n    height: 2px;\n    background: linear-gradient(270deg,transparent,#55DDE0);\n    animation: animate3 1s linear infinite;\n    animation-delay: 0.50s;\n}\n@keyframes animate3{\n    0%{\n        right: -100%;\n    }\n    50%,100%{\n        right: 100%;\n    }\n}\n\n\n#uc_neon_glowing_button_effect_elementor_5d89777 a span:nth-child(4){\n    bottom: -100%;\n    left: 0;\n    width: 2px;\n    height: 100%;\n    background: linear-gradient(360deg,transparent,#55DDE0);\n    animation: animate4 1s linear infinite;\n    animation-delay: 0.75s;\n}\n@keyframes animate4{\n    0%{\n        bottom: -100%;\n    }\n    50%,100%{\n        bottom: 100%;\n    }\n}\n\n<\/style>\n\n<div id=\"uc_neon_glowing_button_effect_elementor_5d89777\" class=\"neon_glowing_button_effect\">\n<a href=\"#elementor-action%3Aaction%3Dpopup%3Aopen%26settings%3DeyJpZCI6NDM1NSwidG9nZ2xlIjpmYWxzZX0%3D\" class=\"neon_btn\" >\n        <span><\/span>\n        <span><\/span>\n        <span><\/span>\n        <span><\/span>\n  \n        <div class=\"ue-btn\">\n\n                    \n          <div class=\"ue-btn-txt\">ZAREZERWUJ SESJ\u0118 ZDJ\u0118CIOW\u0104<\/div>\n          \n                  <\/div>\n  \n    <\/a>\n<\/div>\n<!-- end Neon Glowing Button Effect -->\t\t\t\t<\/div>\n\t\t\t\t<\/div>\n\t\t\t\t\t<\/div>\n\t\t\t\t<\/div>\n\t\t\t\t<\/div>\n\t\t\t\t<div class=\"unlimited-elements-background-overlay\" data-forid=\"abcc1c0\" data-location=\"back\" style=\"display:none\">\n\t\t\t<template>\n\t\t\t\n<!-- start Masks &amp; Patterns Background -->\n<style>\/* widget: Masks &amp; Patterns Background *\/\n\n\n\n\n\n  #uc_masks_patterns_bg_addon13031 .ue_background_mask {\n          --mask: url(\"data:image\/svg+xml,%3csvg fill='%2311202D' viewBox='0 0 1920 1440' preserveAspectRatio='xMinYMin slice' xmlns='http:\/\/www.w3.org\/2000\/svg' %3e%3cpath d='M1919.5 440V308l-22.6 33-248 367.8 270.7 401v-111l-184-289.5z'\/%3e%3cpath d='M1919.5 998.7h0v111l.5.8v-111h0v-50l-.5-.8zm0 137l.5.8v-26l-.5-.8z'\/%3e%3cpath d='M1919.5 308v132h0v43.7h0l-153.2 224 153.2 241h0l.5.8V922l-.5-.8h0l.5.8V509l-.3.4.3-.4v-26l-.3.4.3-.4v-43.7h0v-132l-.5.7zm0 202.2v411.3l-135.4-213L1919.5 510zM1428 0h-18L935.4 703.5l468.2 736.5h17.4L953 704zm-60.7 0H0v709 731h1359.5L892 704.5zm120.5 0l-480 702.5 468.8 737.5h87l-467.3-735L1578 0z'\/%3e%3c\/svg%3e\");\n      }\n\n  #uc_masks_patterns_bg_addon13031 .ue_background_mask {\n    position: absolute;\n    top: 0px;\n    left: 0px;\n    width: 100%;\n    height: 100%;\n    background-image: var(--mask);\n          transform:  rotateX(180deg)  ;\n      }\n\n\n@media only screen and (max-width: 767px) {\n    }\n\n<\/style>\n\n<div id=\"uc_masks_patterns_bg_addon13031\">\n        <div class=\"ue_background_mask\"><\/div>\n  <\/div>\n<script type=\"text\/javascript\"  id=\"ue_script_masks_patterns\">\n\n\/* Masks & Patterns Background scripts: *\/ \n\n\n<\/script>\n<!-- end Masks & Patterns Background -->\t\t\t<\/template>\n\t\t<\/div>\n\t\t\n\t\t\t\t<\/div>\n\t\t","protected":false},"excerpt":{"rendered":"<p>O Sidemount Society Dlaczego Sidemount Society &#8211; Odkryj sztuk\u0119 nurkowania Sidemount Society to miejsce dla nurk\u00f3w, kt\u00f3rzy szukaj\u0105 wyzwa\u0144, dla tych, kt\u00f3rzy chc\u0105 doda\u0107 nowy wymiar do swojego czasu pod wod\u0105, lub ju\u017c z\u0142apali bakcyla sidemount i chc\u0105 przenie\u015b\u0107 go na wy\u017cszy poziom. Sidemount Society ma siedzib\u0119 na nurkowym placu zabaw &#8211; wyspie Gozo na [&hellip;]<\/p>\n","protected":false},"author":5,"featured_media":4132,"parent":0,"menu_order":0,"comment_status":"closed","ping_status":"closed","template":"","meta":{"_acf_changed":false,"footnotes":""},"class_list":["post-4495","page","type-page","status-publish","has-post-thumbnail","hentry"],"acf":[],"_links":{"self":[{"href":"https:\/\/sidemountsociety.com\/pl\/wp-json\/wp\/v2\/pages\/4495","targetHints":{"allow":["GET"]}}],"collection":[{"href":"https:\/\/sidemountsociety.com\/pl\/wp-json\/wp\/v2\/pages"}],"about":[{"href":"https:\/\/sidemountsociety.com\/pl\/wp-json\/wp\/v2\/types\/page"}],"author":[{"embeddable":true,"href":"https:\/\/sidemountsociety.com\/pl\/wp-json\/wp\/v2\/users\/5"}],"replies":[{"embeddable":true,"href":"https:\/\/sidemountsociety.com\/pl\/wp-json\/wp\/v2\/comments?post=4495"}],"version-history":[{"count":14,"href":"https:\/\/sidemountsociety.com\/pl\/wp-json\/wp\/v2\/pages\/4495\/revisions"}],"predecessor-version":[{"id":5296,"href":"https:\/\/sidemountsociety.com\/pl\/wp-json\/wp\/v2\/pages\/4495\/revisions\/5296"}],"wp:featuredmedia":[{"embeddable":true,"href":"https:\/\/sidemountsociety.com\/pl\/wp-json\/wp\/v2\/media\/4132"}],"wp:attachment":[{"href":"https:\/\/sidemountsociety.com\/pl\/wp-json\/wp\/v2\/media?parent=4495"}],"curies":[{"name":"wp","href":"https:\/\/api.w.org\/{rel}","templated":true}]}}