{"id":4487,"date":"2023-11-03T10:36:12","date_gmt":"2023-11-03T10:36:12","guid":{"rendered":"https:\/\/sidemountsociety.com\/polityka-prywatnosci-sidemount-society\/"},"modified":"2024-01-27T19:58:22","modified_gmt":"2024-01-27T19:58:22","slug":"polityka-prywatnosci-sidemount-society","status":"publish","type":"page","link":"https:\/\/sidemountsociety.com\/pl\/polityka-prywatnosci-sidemount-society\/","title":{"rendered":"Polityka prywatno\u015bci &#8211; Sidemount Society"},"content":{"rendered":"\n<h1 class=\"privacy-policy-h1\">Polityka prywatno\u015bci\n<br\/><span>Ostatnia aktualizacja 30 grudnia 2023 r.<\/span>\n<br\/><span>Data wej\u015bcia w \u017cycie 30 grudnia 2023 r.<\/span>\n<\/h1>\n\n<p class=\"privacy-policy-p\">\n Niniejsza Polityka prywatno\u015bci opisuje zasady\n\n Sidemount Society,\n Triq il Wied r\u00f3g Triq il Lapsi Blok A, Zebbug,\n Gozo\n MFN 1221,\n Malta,\n e-mail: dive@sidemountsociety.com,\n telefon: +447766336368\n\n na temat kolekcji,\n wykorzystywanie i ujawnianie gromadzonych przez nas informacji o u\u017cytkowniku\n podczas korzystania z naszej strony internetowej ( https:\/\/sidemountsociety.com\/ ).\n (&#8222;Us\u0142uga&#8221;). Uzyskuj\u0105c dost\u0119p lub u\u017cywaj\u0105c\n w\n  U\u017cytkownik wyra\u017ca zgod\u0119 na gromadzenie, wykorzystywanie i przetwarzanie danych osobowych.\n ujawnienie informacji o u\u017cytkowniku zgodnie z niniejsz\u0105\n Polityka prywatno\u015bci. Je\u015bli nie wyrazisz na to zgody,\n nie nale\u017cy uzyskiwa\u0107 dost\u0119pu do Us\u0142ugi ani z niej korzysta\u0107.\n<\/p>\n\n<p class=\"privacy-policy-p\">\n Mo\u017cemy zmieni\u0107 niniejsz\u0105 Polityk\u0119 prywatno\u015bci w dowolnym momencie bez\n bez uprzedniego powiadomienia u\u017cytkownika i opublikuje zmienion\u0105\n  Polityka prywatno\u015bci w Serwisie. Zmieniona Polityka b\u0119dzie obowi\u0105zywa\u0107 180 dni od daty\n \n  zmieniona Polityka jest opublikowana w Serwisie, a u\u017cytkownik\n  dalszy dost\u0119p lub korzystanie z Us\u0142ugi po takim czasie\n  b\u0119dzie stanowi\u0107 akceptacj\u0119 zmienionej Polityki prywatno\u015bci\n  Polityka. W zwi\u0105zku z tym zalecamy okresowe\n  przejrzyj t\u0119 stron\u0119.\n<\/p>\n\n<ol class=\"privacy-policy-ol\">\n        <li>\n        <h2 class=\"privacy-policy-h2\">\n  Gromadzone przez nas informacje:\n        <\/h2>\n\n        \n        <p class=\"privacy-policy-p\">\n  B\u0119dziemy gromadzi\u0107 i przetwarza\u0107 nast\u0119puj\u0105ce dane\n  dane osobowe u\u017cytkownika:\n        <\/p>\n        <ol class=\"privacy-policy-ol\">\n\n                        <li>Imi\u0119<\/li>\n            \n                        <li>E-mail<\/li>\n            \n                        <li>Mobilny<\/li>\n            \n                        <li>Profil w mediach spo\u0142eczno\u015bciowych<\/li>\n            \n                        <li>Data urodzenia<\/li>\n            \n                        <li>Adres<\/li>\n            \n                        <li>Adres miejsca pracy<\/li>\n            \n                        <li>Informacje o p\u0142atno\u015bci<\/li>\n                        \n                                    <li>P\u0142e\u0107<\/li>\n                                                <li>Informacje medyczne<\/li>\n                                                <li>Adres domowy<\/li>\n                        \n        <\/ol>\n        \n\n        \n\n    <\/li>\n\n    \n    \n\n        <li>\n        <h2 class=\"privacy-policy-h2\">\n  W jaki spos\u00f3b wykorzystujemy informacje o u\u017cytkowniku:\n        <\/h2>\n        <p class=\"privacy-policy-p\">\n  B\u0119dziemy wykorzystywa\u0107 gromadzone przez nas informacje\n  o u\u017cytkowniku w nast\u0119puj\u0105cych celach:\n        <\/p>\n        <ol class=\"privacy-policy-ol\">\n\n                        <li>Marketing\/promocja<\/li>\n            \n            \n                        <li>Rekomendacje<\/li>\n            \n                        <li>Zbieranie opinii klient\u00f3w<\/li>\n            \n                        <li>Egzekwowanie regulaminu<\/li>\n            \n                        <li>Przetwarzanie p\u0142atno\u015bci<\/li>\n            \n                        <li>Wsparcie<\/li>\n            \n                        <li>Informacje administracyjne<\/li>\n            \n                        <li>Reklama ukierunkowana<\/li>\n            \n                        <li>Zarz\u0105dzanie zam\u00f3wieniami klient\u00f3w<\/li>\n            \n                        <li>Ochrona witryny<\/li>\n            \n            \n                        <li>Rozstrzyganie spor\u00f3w<\/li>\n            \n            \n        <\/ol>\n        <p class=\"privacy-policy-p\">\n  Je\u015bli chcemy wykorzysta\u0107 dane u\u017cytkownika do innych cel\u00f3w\n  celu, poprosimy u\u017cytkownika o zgod\u0119 i b\u0119dziemy\n  wykorzystywa\u0107 informacje wy\u0142\u0105cznie po otrzymaniu\n  zgoda, a nast\u0119pnie tylko w celu (celach) dla\n  kt\u00f3re udzielaj\u0105 zgody, chyba \u017ce jeste\u015bmy do tego zobowi\u0105zani\n  inaczej na mocy prawa.\n        <\/p>\n    <\/li>\n    \n    \n    <li>\n        <h2 class=\"privacy-policy-h2\">\n  W jaki spos\u00f3b udost\u0119pniamy informacje o u\u017cytkowniku:\n        <\/h2>\n\n\n                <p class=\"privacy-policy-p\">\n  Nie b\u0119dziemy przekazywa\u0107 danych osobowych u\u017cytkownika\n  osobom trzecim bez uzyskania zgody u\u017cytkownika,\n  z wyj\u0105tkiem ograniczonych okoliczno\u015bci opisanych poni\u017cej\n  poni\u017cej:\n        <\/p>\n        <ol class=\"privacy-policy-ol\">\n                        <li>Us\u0142uga reklamowa<\/li>\n            \n                        <li>Sponsorzy<\/li>\n            \n                        <li>Agencje marketingowe<\/li>\n            \n                        <li>Podmioty prawne<\/li>\n            \n                        <li>Analityka<\/li>\n            \n                        <li>Us\u0142ugi odzyskiwania p\u0142atno\u015bci<\/li>\n            \n                        <li>Gromadzenie i przetwarzanie danych<\/li>\n                    <\/ol>\n        \n        <p class=\"privacy-policy-p\">\n  Wymagamy, aby takie osoby trzecie korzysta\u0142y z\n  dane osobowe, kt\u00f3re im przekazujemy\n  w celu, w jakim zosta\u0142a przekazana, oraz\n  nie przechowywa\u0107 go d\u0142u\u017cej ni\u017c jest to wymagane dla\n  spe\u0142niaj\u0105c wspomniany cel.\n        <\/p>\n        <p class=\"privacy-policy-p\">\n  Mo\u017cemy r\u00f3wnie\u017c ujawni\u0107 dane osobowe u\u017cytkownika\n  dla nast\u0119puj\u0105cych cel\u00f3w: (1) zgodno\u015bci z obowi\u0105zuj\u0105cymi\n  prawo, rozporz\u0105dzenie, nakaz s\u0105dowy lub inne przepisy prawne\n  (2) w celu egzekwowania zawartych z nami um\u00f3w,\n  w tym niniejszej Polityki prywatno\u015bci; lub (3) w celu udzielenia odpowiedzi\n  do roszcze\u0144, \u017ce korzystanie z Us\u0142ugi przez u\u017cytkownika narusza\n  wszelkie prawa os\u00f3b trzecich. Je\u015bli Us\u0142uga lub nasze\n  sp\u00f3\u0142ka zostaje po\u0142\u0105czona lub przej\u0119ta przez inn\u0105 sp\u00f3\u0142k\u0119\n  firmy, informacje o u\u017cytkowniku b\u0119d\u0105 jedn\u0105 z\n  aktywa, kt\u00f3re s\u0105 przenoszone na nowego w\u0142a\u015bciciela.\n        <\/p>\n    <\/li>\n    \n\n        <li>\n        <h2 class=\"privacy-policy-h2\">\n  Przechowywanie informacji o u\u017cytkowniku:\n        <\/h2>\n        <p class=\"privacy-policy-p\">\n  Dane osobowe u\u017cytkownika zostan\u0105 u nas zachowane\n  dla\n  Od 90 dni do 2 lat po zamkni\u0119ciu konta przez u\u017cytkownika\n  lub jak\n  tak d\u0142ugo, jak potrzebujemy go do realizacji cel\u00f3w\n  kt\u00f3re zosta\u0142y zebrane, jak wyszczeg\u00f3lniono w niniejszym\n  Polityka prywatno\u015bci. By\u0107 mo\u017ce b\u0119dziemy musieli zatrzyma\u0107 pewne\n  informacje dotycz\u0105ce d\u0142u\u017cszych okres\u00f3w, takich jak\n  prowadzenie dokumentacji \/ raportowanie zgodnie z\n  obowi\u0105zuj\u0105ce prawo lub z innych uzasadnionych powod\u00f3w\n  takich jak egzekwowanie praw, oszustwa\n  zapobieganie itp. Anonimowe informacje szcz\u0105tkowe\n  i informacje zbiorcze, z kt\u00f3rych \u017cadna\n  identyfikuj\u0105ce u\u017cytkownika (bezpo\u015brednio lub po\u015brednio), mog\u0105 by\u0107\n  przechowywane przez czas nieokre\u015blony.\n        <\/p>\n    <\/li>\n    \n    <li>\n        <h2 class=\"privacy-policy-h2\">\n  Prawa u\u017cytkownika:\n        <\/h2>\n        <p class=\"privacy-policy-p\">\n  W zale\u017cno\u015bci od obowi\u0105zuj\u0105cego prawa, mo\u017cesz mie\u0107\n  prawo dost\u0119pu do danych oraz ich sprostowania lub usuni\u0119cia\n  danych osobowych lub otrzyma\u0107 kopi\u0119 swoich danych osobowych\n  dane, ograniczenie lub obiekt do aktywnego\n  przetwarzanie Twoich danych, popro\u015b nas o udost\u0119pnienie (port)\n  danych osobowych u\u017cytkownika innemu podmiotowi,\n  wycofania udzielonej nam zgody na\n  przetwarzania danych, prawo do wniesienia skargi\n  z organem statutowym i inne prawa\n  zgodnie z obowi\u0105zuj\u0105cymi przepisami prawa. Do\n  skorzysta\u0107 z tych praw, mo\u017cesz napisa\u0107 do nas na adres\n  dive@sidemountsociety.com.\n  Odpowiemy na Twoje\n  zgodnie z obowi\u0105zuj\u0105cym prawem.\n        <\/p>\n\n                <p class=\"privacy-policy-p\">\n  U\u017cytkownik mo\u017ce zrezygnowa\u0107 z marketingu bezpo\u015bredniego\n  komunikacji lub profilowania, kt\u00f3re przeprowadzamy dla\n  cel\u00f3w marketingowych, pisz\u0105c do nas na adres\n  dive@sidemountsociety.com.\n        <\/p>\n        \n        <p class=\"privacy-policy-p\">\n  Nale\u017cy pami\u0119ta\u0107, \u017ce je\u015bli u\u017cytkownik nie zezwoli nam na gromadzenie\n  lub przetwarza\u0107 wymagane dane osobowe lub\n  wycofa\u0107 zgod\u0119 na przetwarzanie tych samych danych dla\n  wymagane cele, u\u017cytkownik mo\u017ce nie mie\u0107 dost\u0119pu do\n  lub korzysta\u0107 z us\u0142ug, kt\u00f3rych dotycz\u0105 dane u\u017cytkownika\n  by\u0142 poszukiwany.\n        <\/p>\n    <\/li>\n        <li>\n        <h2 class=\"privacy-policy-h2\">\n  Cookies Etc.\n        <\/h2>\n        <p class=\"privacy-policy-p\">\n\n            \n  Aby dowiedzie\u0107 si\u0119 wi\u0119cej o tym, jak ich u\u017cywamy\n  i wybory u\u017cytkownika zwi\u0105zane z tym \u015bledzeniem\n  technologie, prosimy o zapoznanie si\u0119 z nasz\u0105\n            <a href=\"https:\/\/sidemountsociety.com\/pl\/?page_id=4484\">Polityka plik\u00f3w cookie.<\/a>\n        <\/p>\n    <\/li>\n    \n    <li>\n        <h2 class=\"privacy-policy-h2\">\n  Bezpiecze\u0144stwo:\n        <\/h2>\n        <p class=\"privacy-policy-p\">\n  Bezpiecze\u0144stwo informacji u\u017cytkownika jest wa\u017cne dla\n  i b\u0119dziemy stosowa\u0107 uzasadnione \u015brodki bezpiecze\u0144stwa\n  aby zapobiec utracie, niew\u0142a\u015bciwemu u\u017cyciu lub nieautoryzowanemu\n  zmiana informacji o u\u017cytkowniku zgodnie z naszymi\n  kontrola. Jednak\u017ce, bior\u0105c pod uwag\u0119 nieod\u0142\u0105czne ryzyko\n  nie mo\u017ce zagwarantowa\u0107 ca\u0142kowitego bezpiecze\u0144stwa i\n  W zwi\u0105zku z tym nie mo\u017cemy zapewni\u0107 ani zagwarantowa\u0107, \u017ce\n  bezpiecze\u0144stwo wszelkich przekazywanych nam informacji\n  i robisz to na w\u0142asne ryzyko.\n        <\/p>\n    <\/li>\n\n        <li>\n        <h2 class=\"privacy-policy-h2\">\n  Linki stron trzecich i wykorzystanie informacji u\u017cytkownika:\n        <\/h2>\n        <p class=\"privacy-policy-p\">\n  Nasza us\u0142uga mo\u017ce zawiera\u0107 \u0142\u0105cza do innych stron internetowych\n  kt\u00f3re nie s\u0105 przez nas obs\u0142ugiwane. Niniejsza Polityka prywatno\u015bci\n  nie odnosi si\u0119 do polityki prywatno\u015bci i innych\n  praktyki os\u00f3b trzecich, w tym wszelkie\n  strona trzecia obs\u0142uguj\u0105ca jak\u0105kolwiek stron\u0119 internetow\u0105 lub us\u0142ug\u0119\n  kt\u00f3re mog\u0105 by\u0107 dost\u0119pne za po\u015brednictwem linku na stronie\n  Serwis. Zdecydowanie zalecamy zapoznanie si\u0119 z\n  polityka prywatno\u015bci ka\u017cdej odwiedzanej witryny. Mamy\n  nie maj\u0105 kontroli i nie ponosz\u0105 odpowiedzialno\u015bci za\n  tre\u015bci, polityki prywatno\u015bci lub praktyk\n  witryn lub us\u0142ug stron trzecich.\n        <\/p>\n    <\/li>\n    \n    <li>\n        <h2 class=\"privacy-policy-h2\">\n  Inspektor ds. skarg \/ ochrony danych:\n        <\/h2>\n        <p class=\"privacy-policy-p\">\n  W przypadku jakichkolwiek pyta\u0144 lub w\u0105tpliwo\u015bci dotycz\u0105cych\n  przetwarzanie dost\u0119pnych informacji o u\u017cytkowniku\n  z nami, mo\u017cesz wys\u0142a\u0107 wiadomo\u015b\u0107 e-mail do naszego specjalisty ds. skarg na adres\n  Sidemount Society,\n  Triq il Wied r\u00f3g Triq il Lapsi Blok A, Zebbug,\n  e-mail: dive@sidemountsociety.com.\n  Zajmiemy si\u0119 Twoimi w\u0105tpliwo\u015bciami zgodnie z obowi\u0105zuj\u0105cym prawem.\n        <\/p>\n    <\/li>\n<\/ol>\n<p class=\"privacy-policy-p\">\n  Polityka prywatno\u015bci wygenerowana przez <a target=\"_blank\" href=\"https:\/\/www.cookieyes.com\/?utm_source=PP&#038;utm_medium=footer&#038;utm_campaign=UW\" rel=\"noopener\">CookieYes<\/a>.\n<\/p>\n\n<h4 class=\"wp-block-heading\">Opr\u00f3cz powy\u017cszego, wsp\u00f3\u0142pracujemy z Microsoft Clarity i Microsoft Advertising<\/h4>\n\n<p><em>Wsp\u00f3\u0142pracujemy z Microsoft Clarity i Microsoft Advertising, aby rejestrowa\u0107 spos\u00f3b korzystania z naszej witryny i interakcji z ni\u0105 za pomoc\u0105 metryk behawioralnych, map cieplnych i odtwarzania sesji w celu ulepszania i wprowadzania na rynek naszych produkt\u00f3w\/us\u0142ug. Dane dotycz\u0105ce korzystania z witryny s\u0105 gromadzone przy u\u017cyciu w\u0142asnych i zewn\u0119trznych plik\u00f3w cookie oraz innych technologii \u015bledzenia w celu okre\u015blenia popularno\u015bci produkt\u00f3w\/us\u0142ug i aktywno\u015bci online. Ponadto wykorzystujemy te informacje do optymalizacji witryny, cel\u00f3w zwi\u0105zanych z oszustwami\/bezpiecze\u0144stwem i reklam\u0105. Wi\u0119cej informacji na temat sposobu gromadzenia i wykorzystywania danych przez Microsoft mo\u017cna znale\u017a\u0107 w <a href=\"https:\/\/privacy.microsoft.com\/privacystatement\" target=\"_blank\" rel=\"noreferrer noopener\">O\u015bwiadczeniu o ochronie prywatno\u015bci firmy Microsoft<\/a>.<\/em><\/p>\n","protected":false},"excerpt":{"rendered":"<p>Polityka prywatno\u015bci Ostatnia aktualizacja 30 grudnia 2023 r. Data wej\u015bcia w \u017cycie 30 grudnia 2023 r. Niniejsza Polityka prywatno\u015bci opisuje zasady Sidemount Society, Triq il Wied r\u00f3g Triq il Lapsi Blok A, Zebbug, Gozo MFN 1221, Malta, e-mail: dive@sidemountsociety.com, telefon: +447766336368 na temat kolekcji, wykorzystywanie i ujawnianie gromadzonych przez nas informacji o u\u017cytkowniku podczas korzystania [&hellip;]<\/p>\n","protected":false},"author":4,"featured_media":0,"parent":0,"menu_order":0,"comment_status":"closed","ping_status":"closed","template":"","meta":{"_acf_changed":false,"footnotes":""},"class_list":["post-4487","page","type-page","status-publish","hentry"],"acf":[],"_links":{"self":[{"href":"https:\/\/sidemountsociety.com\/pl\/wp-json\/wp\/v2\/pages\/4487","targetHints":{"allow":["GET"]}}],"collection":[{"href":"https:\/\/sidemountsociety.com\/pl\/wp-json\/wp\/v2\/pages"}],"about":[{"href":"https:\/\/sidemountsociety.com\/pl\/wp-json\/wp\/v2\/types\/page"}],"author":[{"embeddable":true,"href":"https:\/\/sidemountsociety.com\/pl\/wp-json\/wp\/v2\/users\/4"}],"replies":[{"embeddable":true,"href":"https:\/\/sidemountsociety.com\/pl\/wp-json\/wp\/v2\/comments?post=4487"}],"version-history":[{"count":4,"href":"https:\/\/sidemountsociety.com\/pl\/wp-json\/wp\/v2\/pages\/4487\/revisions"}],"predecessor-version":[{"id":4491,"href":"https:\/\/sidemountsociety.com\/pl\/wp-json\/wp\/v2\/pages\/4487\/revisions\/4491"}],"wp:attachment":[{"href":"https:\/\/sidemountsociety.com\/pl\/wp-json\/wp\/v2\/media?parent=4487"}],"curies":[{"name":"wp","href":"https:\/\/api.w.org\/{rel}","templated":true}]}}