{"id":4484,"date":"2025-12-30T08:12:58","date_gmt":"2025-12-30T08:12:58","guid":{"rendered":"https:\/\/sidemountsociety.com\/polityka-dotyczaca-plikow-cookie\/"},"modified":"2026-01-06T13:42:00","modified_gmt":"2026-01-06T13:42:00","slug":"polityka-dotyczaca-plikow-cookie","status":"publish","type":"page","link":"https:\/\/sidemountsociety.com\/pl\/polityka-dotyczaca-plikow-cookie\/","title":{"rendered":"Polityka dotycz\u0105ca plik\u00f3w cookie"},"content":{"rendered":"\n<style>\n    a.cky-banner-element {\n        padding: 8px 30px;\n        background: #F8F9FA;\n        color: #858A8F;\n        border: 1px solid #DEE2E6;\n        box-sizing: border-box;\n        border-radius: 2px;\n        cursor: pointer;\n}\n<\/style>\n<h1 class=\"cookie-policy-h1\">Polityka dotycz\u0105ca plik\u00f3w cookie<\/h1>\n<p>\n  Data wej\u015bcia w \u017cycie: 30 grudnia 2023 r. <br\/> Ostatnia aktualizacja: 30 grudnia 2023 r.\n<\/p>\n\n \n<h5>Czym s\u0105 pliki cookie?<\/h5>\n<div class=\"cookie-policy-p\"><p>Niniejsza Polityka dotycz\u0105ca plik\u00f3w cookie wyja\u015bnia, czym s\u0105 pliki cookie i w jaki spos\u00f3b ich u\u017cywamy, rodzaje plik\u00f3w cookie, kt\u00f3rych u\u017cywamy, tj. informacje, kt\u00f3re zbieramy za pomoc\u0105 plik\u00f3w cookie i w jaki spos\u00f3b te informacje s\u0105 wykorzystywane, oraz jak zarz\u0105dza\u0107 ustawieniami plik\u00f3w cookie.<\/p> <p>Pliki cookie to ma\u0142e pliki tekstowe, kt\u00f3re s\u0142u\u017c\u0105 do przechowywania niewielkich fragment\u00f3w informacji. S\u0105 one przechowywane na urz\u0105dzeniu u\u017cytkownika po za\u0142adowaniu strony internetowej w przegl\u0105darce. Te pliki cookie pomagaj\u0105 nam w prawid\u0142owym funkcjonowaniu strony internetowej, zwi\u0119kszeniu jej bezpiecze\u0144stwa, zapewnieniu lepszych wra\u017ce\u0144 u\u017cytkownika i zrozumieniu, jak dzia\u0142a strona internetowa oraz analizowaniu tego, co dzia\u0142a i gdzie wymaga poprawy.<\/p><\/div>\n\n \n<h5>Jak u\u017cywamy plik\u00f3w cookie?<\/h5>\n<div class=\"cookie-policy-p\"><p>Podobnie jak wi\u0119kszo\u015b\u0107 us\u0142ug online, nasza strona internetowa wykorzystuje w\u0142asne i zewn\u0119trzne pliki cookie do kilku cel\u00f3w. W\u0142asne pliki cookie s\u0105 w wi\u0119kszo\u015bci niezb\u0119dne do prawid\u0142owego funkcjonowania witryny i nie gromadz\u0105 \u017cadnych danych osobowych u\u017cytkownika.<\/p> <p>Pliki cookie stron trzecich u\u017cywane w naszej witrynie internetowej s\u0142u\u017c\u0105 g\u0142\u00f3wnie do zrozumienia, w jaki spos\u00f3b witryna dzia\u0142a, w jaki spos\u00f3b u\u017cytkownik wchodzi w interakcj\u0119 z nasz\u0105 witryn\u0105, zapewnienia bezpiecze\u0144stwa naszych us\u0142ug, dostarczania reklam, kt\u00f3re s\u0105 odpowiednie dla u\u017cytkownika, a przede wszystkim zapewniaj\u0105 lepsze i ulepszone wra\u017cenia u\u017cytkownika oraz pomagaj\u0105 przyspieszy\u0107 przysz\u0142e interakcje z nasz\u0105 witryn\u0105.<\/p><\/div>\n\n \n    <h5>Rodzaje u\u017cywanych przez nas plik\u00f3w cookie<\/h5>\n\n    <div class=\"cky-audit-table-element\"><\/div>\n\n \n    <h5 style=\"margin-bottom:20px;\">Zarz\u0105dzanie preferencjami plik\u00f3w cookie<\/h5>\n\n    <a class=\"cky-banner-element\">Ustawienia plik\u00f3w cookie<\/a> <br\/>\n    <div><p>Preferencje dotycz\u0105ce plik\u00f3w cookie mo\u017cna zmieni\u0107 w dowolnym momencie, klikaj\u0105c powy\u017cszy przycisk. Umo\u017cliwi to ponowne wy\u015bwietlenie banera zgody na pliki cookie i zmian\u0119 preferencji lub natychmiastowe wycofanie zgody.  <\/p> <p>Ponadto r\u00f3\u017cne przegl\u0105darki oferuj\u0105 r\u00f3\u017cne metody blokowania i usuwania plik\u00f3w cookie u\u017cywanych przez strony internetowe. U\u017cytkownik mo\u017ce zmieni\u0107 ustawienia przegl\u0105darki, aby zablokowa\u0107\/usun\u0105\u0107 pliki cookie. Poni\u017cej znajduj\u0105 si\u0119 linki do dokument\u00f3w pomocy technicznej dotycz\u0105cych zarz\u0105dzania i usuwania plik\u00f3w cookie z g\u0142\u00f3wnych przegl\u0105darek internetowych.<\/p> <p>Chrome: <a href=\"https:\/\/support.google.com\/accounts\/answer\/32050\" target=\"_blank\" rel=\"noopener\">https:\/\/support.google.com\/accounts\/answer\/32050<\/a><\/p><p>Safari: <a href=\"https:\/\/support.apple.com\/en-in\/guide\/safari\/sfri11471\/mac\" target=\"_blank\" rel=\"noopener\">https:\/\/support.apple.com\/en-in\/guide\/safari\/sfri11471\/mac<\/a><\/p><p>Firefox: <a href=\"https:\/\/support.mozilla.org\/en-US\/kb\/clear-cookies-and-site-data-firefox?redirectslug=delete-cookies-remove-info-websites-stored&#038;redirectlocale=en-US\" target=\"_blank\" rel=\"noopener\">https:\/\/support.mozilla.org\/en-US\/kb\/clear-cookies-and-site-data-firefox?redirectslug=delete-cookies-remove-info-websites-stored&#038;redirectlocale=en-US<\/a><\/p><p>Internet Explorer: <a href=\"https:\/\/support.microsoft.com\/en-us\/topic\/how-to-delete-cookie-files-in-internet-explorer-bca9446f-d873-78de-77ba-d42645fa52fc\" target=\"_blank\" rel=\"noopener\">https:\/\/support.microsoft.com\/en-us\/topic\/how-to-delete-cookie-files-in-internet-explorer-bca9446f-d873-78de-77ba-d42645fa52fc<\/a><\/p><p>Je\u015bli korzystasz z innej przegl\u0105darki internetowej, zapoznaj si\u0119 z jej oficjalnymi dokumentami pomocy technicznej.<\/p><\/div>\n\n\n \n<p class=\"cookie-policy-p\">\n  Polityka plik\u00f3w cookie generowana przez <a target=\"_blank\" href=\"https:\/\/www.cookieyes.com\/?utm_source=CP&#038;utm_medium=footer&#038;utm_campaign=UW\" rel=\"noopener\">CookieYes &#8211; generator polityki plik\u00f3w cookie<\/a>.\n<\/p>\n","protected":false},"excerpt":{"rendered":"<p>Polityka dotycz\u0105ca plik\u00f3w cookie Data wej\u015bcia w \u017cycie: 30 grudnia 2023 r. Ostatnia aktualizacja: 30 grudnia 2023 r. Czym s\u0105 pliki cookie? Niniejsza Polityka dotycz\u0105ca plik\u00f3w cookie wyja\u015bnia, czym s\u0105 pliki cookie i w jaki spos\u00f3b ich u\u017cywamy, rodzaje plik\u00f3w cookie, kt\u00f3rych u\u017cywamy, tj. informacje, kt\u00f3re zbieramy za pomoc\u0105 plik\u00f3w cookie i w jaki spos\u00f3b [&hellip;]<\/p>\n","protected":false},"author":2,"featured_media":0,"parent":0,"menu_order":0,"comment_status":"closed","ping_status":"closed","template":"","meta":{"_acf_changed":false,"footnotes":""},"class_list":["post-4484","page","type-page","status-publish","hentry"],"acf":[],"_links":{"self":[{"href":"https:\/\/sidemountsociety.com\/pl\/wp-json\/wp\/v2\/pages\/4484","targetHints":{"allow":["GET"]}}],"collection":[{"href":"https:\/\/sidemountsociety.com\/pl\/wp-json\/wp\/v2\/pages"}],"about":[{"href":"https:\/\/sidemountsociety.com\/pl\/wp-json\/wp\/v2\/types\/page"}],"author":[{"embeddable":true,"href":"https:\/\/sidemountsociety.com\/pl\/wp-json\/wp\/v2\/users\/2"}],"replies":[{"embeddable":true,"href":"https:\/\/sidemountsociety.com\/pl\/wp-json\/wp\/v2\/comments?post=4484"}],"version-history":[{"count":3,"href":"https:\/\/sidemountsociety.com\/pl\/wp-json\/wp\/v2\/pages\/4484\/revisions"}],"predecessor-version":[{"id":5293,"href":"https:\/\/sidemountsociety.com\/pl\/wp-json\/wp\/v2\/pages\/4484\/revisions\/5293"}],"wp:attachment":[{"href":"https:\/\/sidemountsociety.com\/pl\/wp-json\/wp\/v2\/media?parent=4484"}],"curies":[{"name":"wp","href":"https:\/\/api.w.org\/{rel}","templated":true}]}}