{"id":4449,"date":"2025-12-07T17:16:38","date_gmt":"2025-12-07T17:16:38","guid":{"rendered":"https:\/\/sidemountsociety.com\/galeria\/"},"modified":"2026-01-06T13:43:20","modified_gmt":"2026-01-06T13:43:20","slug":"galeria-sidemount-society-gozo-malta","status":"publish","type":"page","link":"https:\/\/sidemountsociety.com\/pl\/galeria-sidemount-society-gozo-malta\/","title":{"rendered":"Galeria"},"content":{"rendered":"\t\t<div data-elementor-type=\"wp-page\" data-elementor-id=\"4449\" class=\"elementor elementor-4449 elementor-451\" data-elementor-post-type=\"page\">\n\t\t\t\t<div class=\"elementor-element elementor-element-1a8bb26 e-flex e-con-boxed e-con e-parent\" data-id=\"1a8bb26\" data-element_type=\"container\" data-e-type=\"container\" data-settings=\"{&quot;background_background&quot;:&quot;classic&quot;}\">\n\t\t\t\t\t<div class=\"e-con-inner\">\n\t\t\t\t<div class=\"elementor-element elementor-element-e6a81a8 elementor-widget elementor-widget-heading\" data-id=\"e6a81a8\" data-element_type=\"widget\" data-e-type=\"widget\" data-widget_type=\"heading.default\">\n\t\t\t\t<div class=\"elementor-widget-container\">\n\t\t\t\t\t<h1 class=\"elementor-heading-title elementor-size-default\">Galeria Sidemount Society<\/h1>\t\t\t\t<\/div>\n\t\t\t\t<\/div>\n\t\t\t\t\t<\/div>\n\t\t\t\t<\/div>\n\t\t<div class=\"elementor-element elementor-element-71141a6 e-flex e-con-boxed e-con e-parent\" data-id=\"71141a6\" data-element_type=\"container\" data-e-type=\"container\" data-settings=\"{&quot;background_background&quot;:&quot;classic&quot;,&quot;shape_divider_bottom&quot;:&quot;triangle&quot;,&quot;shape_divider_bottom_negative&quot;:&quot;yes&quot;}\">\n\t\t\t\t\t<div class=\"e-con-inner\">\n\t\t\t\t<div class=\"elementor-shape elementor-shape-bottom\" aria-hidden=\"true\" data-negative=\"true\">\n\t\t\t<svg xmlns=\"http:\/\/www.w3.org\/2000\/svg\" viewBox=\"0 0 1000 100\" preserveAspectRatio=\"none\">\n\t<path class=\"elementor-shape-fill\" d=\"M500.2,94.7L0,0v100h1000V0L500.2,94.7z\"\/>\n<\/svg>\t\t<\/div>\n\t\t\t\t\t<\/div>\n\t\t\t\t<\/div>\n\t\t<div class=\"elementor-element elementor-element-5cd0c9d e-flex e-con-boxed e-con e-parent\" data-id=\"5cd0c9d\" data-element_type=\"container\" data-e-type=\"container\">\n\t\t\t\t\t<div class=\"e-con-inner\">\n\t\t\t\t<div class=\"elementor-element elementor-element-dd48ba3 elementor-widget elementor-widget-text-editor\" data-id=\"dd48ba3\" data-element_type=\"widget\" data-e-type=\"widget\" data-widget_type=\"text-editor.default\">\n\t\t\t\t<div class=\"elementor-widget-container\">\n\t\t\t\t\t\t\t\t\t<p>Jedn\u0105 z naszych wielkich pasji jest fotografia podwodna. Czas, kt\u00f3ry mo\u017cemy sp\u0119dzi\u0107 pod powierzchni\u0105 jest ograniczony, ale robienie zdj\u0119\u0107 pozwala nam uchwyci\u0107 najlepsze momenty, zachowa\u0107 je na zawsze i dzieli\u0107 si\u0119 nimi z innymi. <\/p>\t\t\t\t\t\t\t\t<\/div>\n\t\t\t\t<\/div>\n\t\t\t\t\t<\/div>\n\t\t\t\t<\/div>\n\t\t<div class=\"elementor-element elementor-element-d0e500e e-flex e-con-boxed e-con e-parent\" data-id=\"d0e500e\" data-element_type=\"container\" data-e-type=\"container\">\n\t\t\t\t\t<div class=\"e-con-inner\">\n\t\t\t\t<div class=\"elementor-element elementor-element-ac5b141 elementor-widget elementor-widget-ucaddon_uc_tiles_columns_image\" data-id=\"ac5b141\" data-element_type=\"widget\" data-e-type=\"widget\" data-widget_type=\"ucaddon_uc_tiles_columns_image.default\">\n\t\t\t\t<div class=\"elementor-widget-container\">\n\t\t\t\t\t\n<!-- start Masonry Gallery -->\n\t\t<link id='unitegallery-css' href='https:\/\/sidemountsociety.com\/wp-content\/plugins\/unlimited-elements-for-elementor-premium\/assets_libraries\/unitegallery\/css\/unite-gallery.css' type='text\/css' rel='stylesheet' >\n\t\t<link id='uc_ac_assets_file_uc_columns_unite_gallery_css_37416-css' href='https:\/\/sidemountsociety.com\/wp-content\/uploads\/ac_assets\/uc_tiles_columns_image\/uc-columns-unite-gallery.css' type='text\/css' rel='stylesheet' >\n\n\n<div id=\"uc_uc_tiles_columns_image_elementor_ac5b141\" style=\"display:none;\" class=\"uc-items-wrapper\" data-custom-sethtml=\"true\" >\n\n\n<img decoding=\"async\" alt=\"DSC00452\"\n   src=\"https:\/\/sidemountsociety.com\/wp-content\/uploads\/2024\/01\/DSC00452-1-768x1365.jpg\"\n    data-image=\"https:\/\/sidemountsociety.com\/wp-content\/uploads\/2024\/01\/DSC00452-1.jpg\"\n    data-title=\"DSC00452\">\n\n<img decoding=\"async\" alt=\"GPTempDownload-3\"\n   src=\"https:\/\/sidemountsociety.com\/wp-content\/uploads\/2024\/01\/GPTempDownload-3-768x432.jpg\"\n    data-image=\"https:\/\/sidemountsociety.com\/wp-content\/uploads\/2024\/01\/GPTempDownload-3.jpg\"\n    data-title=\"GPTempDownload-3\">\n\n<img decoding=\"async\" alt=\"GPTempDownload-5\"\n   src=\"https:\/\/sidemountsociety.com\/wp-content\/uploads\/2024\/01\/GPTempDownload-5-768x432.jpg\"\n    data-image=\"https:\/\/sidemountsociety.com\/wp-content\/uploads\/2024\/01\/GPTempDownload-5.jpg\"\n    data-title=\"GPTempDownload-5\">\n\n<img decoding=\"async\" alt=\"GPTempDownload-8\"\n   src=\"https:\/\/sidemountsociety.com\/wp-content\/uploads\/2024\/01\/GPTempDownload-8-768x432.jpg\"\n    data-image=\"https:\/\/sidemountsociety.com\/wp-content\/uploads\/2024\/01\/GPTempDownload-8.jpg\"\n    data-title=\"GPTempDownload-8\">\n\n<img decoding=\"async\" alt=\"IMG_0971\"\n   src=\"https:\/\/sidemountsociety.com\/wp-content\/uploads\/2024\/01\/IMG_0971-1-768x431.jpg\"\n    data-image=\"https:\/\/sidemountsociety.com\/wp-content\/uploads\/2024\/01\/IMG_0971-1.jpg\"\n    data-title=\"IMG_0971\">\n\n<img decoding=\"async\" alt=\"IMG_1336\"\n   src=\"https:\/\/sidemountsociety.com\/wp-content\/uploads\/2024\/01\/IMG_1336-768x431.jpg\"\n    data-image=\"https:\/\/sidemountsociety.com\/wp-content\/uploads\/2024\/01\/IMG_1336.jpg\"\n    data-title=\"IMG_1336\">\n\n<img decoding=\"async\" alt=\"IMG_1635\"\n   src=\"https:\/\/sidemountsociety.com\/wp-content\/uploads\/2024\/01\/IMG_1635-768x431.jpg\"\n    data-image=\"https:\/\/sidemountsociety.com\/wp-content\/uploads\/2024\/01\/IMG_1635.jpg\"\n    data-title=\"IMG_1635\">\n\n<img decoding=\"async\" alt=\"IMG_1643\"\n   src=\"https:\/\/sidemountsociety.com\/wp-content\/uploads\/2024\/01\/IMG_1643-768x431.jpg\"\n    data-image=\"https:\/\/sidemountsociety.com\/wp-content\/uploads\/2024\/01\/IMG_1643.jpg\"\n    data-title=\"IMG_1643\">\n\n<img decoding=\"async\" alt=\"IMG_1018\"\n   src=\"https:\/\/sidemountsociety.com\/wp-content\/uploads\/2024\/01\/IMG_1018-768x1368.jpg\"\n    data-image=\"https:\/\/sidemountsociety.com\/wp-content\/uploads\/2024\/01\/IMG_1018.jpg\"\n    data-title=\"IMG_1018\">\n\n<img decoding=\"async\" alt=\"GPTempDownload-9\"\n   src=\"https:\/\/sidemountsociety.com\/wp-content\/uploads\/2024\/01\/GPTempDownload-9-768x432.jpg\"\n    data-image=\"https:\/\/sidemountsociety.com\/wp-content\/uploads\/2024\/01\/GPTempDownload-9.jpg\"\n    data-title=\"GPTempDownload-9\">\n\n<img decoding=\"async\" alt=\"IMG_6333\"\n   src=\"https:\/\/sidemountsociety.com\/wp-content\/uploads\/2024\/01\/IMG_6333-768x472.jpg\"\n    data-image=\"https:\/\/sidemountsociety.com\/wp-content\/uploads\/2024\/01\/IMG_6333.jpg\"\n    data-title=\"IMG_6333\">\n\n<img decoding=\"async\" alt=\"IMG_6678\"\n   src=\"https:\/\/sidemountsociety.com\/wp-content\/uploads\/2024\/01\/IMG_6678-1-768x431.jpg\"\n    data-image=\"https:\/\/sidemountsociety.com\/wp-content\/uploads\/2024\/01\/IMG_6678-1.jpg\"\n    data-title=\"IMG_6678\">\n\n<img decoding=\"async\" alt=\"IMG_7384\"\n   src=\"https:\/\/sidemountsociety.com\/wp-content\/uploads\/2024\/01\/IMG_7384-1-768x482.jpg\"\n    data-image=\"https:\/\/sidemountsociety.com\/wp-content\/uploads\/2024\/01\/IMG_7384-1.jpg\"\n    data-title=\"IMG_7384\">\n\n<img decoding=\"async\" alt=\"IMG_7536\"\n   src=\"https:\/\/sidemountsociety.com\/wp-content\/uploads\/2024\/01\/IMG_7536-768x431.jpg\"\n    data-image=\"https:\/\/sidemountsociety.com\/wp-content\/uploads\/2024\/01\/IMG_7536.jpg\"\n    data-title=\"IMG_7536\">\n\n<img decoding=\"async\" alt=\"IMG_7783\"\n   src=\"https:\/\/sidemountsociety.com\/wp-content\/uploads\/2024\/01\/IMG_7783-768x431.jpg\"\n    data-image=\"https:\/\/sidemountsociety.com\/wp-content\/uploads\/2024\/01\/IMG_7783.jpg\"\n    data-title=\"IMG_7783\">\n\n<img decoding=\"async\" alt=\"IMG_8064\"\n   src=\"https:\/\/sidemountsociety.com\/wp-content\/uploads\/2024\/01\/IMG_8064-768x431.jpg\"\n    data-image=\"https:\/\/sidemountsociety.com\/wp-content\/uploads\/2024\/01\/IMG_8064.jpg\"\n    data-title=\"IMG_8064\">\n\n<img decoding=\"async\" alt=\"IMG_8748\"\n   src=\"https:\/\/sidemountsociety.com\/wp-content\/uploads\/2024\/01\/IMG_8748-768x431.jpg\"\n    data-image=\"https:\/\/sidemountsociety.com\/wp-content\/uploads\/2024\/01\/IMG_8748.jpg\"\n    data-title=\"IMG_8748\">\n\n<img decoding=\"async\" alt=\"IMG_8998\"\n   src=\"https:\/\/sidemountsociety.com\/wp-content\/uploads\/2024\/01\/IMG_8998-768x431.jpg\"\n    data-image=\"https:\/\/sidemountsociety.com\/wp-content\/uploads\/2024\/01\/IMG_8998.jpg\"\n    data-title=\"IMG_8998\">\n\n<img decoding=\"async\" alt=\"DSC00637\"\n   src=\"https:\/\/sidemountsociety.com\/wp-content\/uploads\/2024\/01\/DSC00637-768x432.jpg\"\n    data-image=\"https:\/\/sidemountsociety.com\/wp-content\/uploads\/2024\/01\/DSC00637.jpg\"\n    data-title=\"DSC00637\">\n\n<img decoding=\"async\" alt=\"DSC00865\"\n   src=\"https:\/\/sidemountsociety.com\/wp-content\/uploads\/2024\/01\/DSC00865-1-768x432.jpg\"\n    data-image=\"https:\/\/sidemountsociety.com\/wp-content\/uploads\/2024\/01\/DSC00865-1.jpg\"\n    data-title=\"DSC00865\">\n\n<img decoding=\"async\" alt=\"GPTempDownload-2\"\n   src=\"https:\/\/sidemountsociety.com\/wp-content\/uploads\/2024\/01\/GPTempDownload-2-768x432.jpg\"\n    data-image=\"https:\/\/sidemountsociety.com\/wp-content\/uploads\/2024\/01\/GPTempDownload-2.jpg\"\n    data-title=\"GPTempDownload-2\">\n\n<img decoding=\"async\" alt=\"GPTempDownload-4\"\n   src=\"https:\/\/sidemountsociety.com\/wp-content\/uploads\/2024\/01\/GPTempDownload-4-1-768x432.jpg\"\n    data-image=\"https:\/\/sidemountsociety.com\/wp-content\/uploads\/2024\/01\/GPTempDownload-4-1.jpg\"\n    data-title=\"GPTempDownload-4\">\n\n<img decoding=\"async\" alt=\"DSC00854\"\n   src=\"https:\/\/sidemountsociety.com\/wp-content\/uploads\/2024\/01\/DSC00854-768x1365.jpg\"\n    data-image=\"https:\/\/sidemountsociety.com\/wp-content\/uploads\/2024\/01\/DSC00854.jpg\"\n    data-title=\"DSC00854\">\n\n<img decoding=\"async\" alt=\"GPTempDownload-6\"\n   src=\"https:\/\/sidemountsociety.com\/wp-content\/uploads\/2024\/01\/GPTempDownload-6-768x432.jpg\"\n    data-image=\"https:\/\/sidemountsociety.com\/wp-content\/uploads\/2024\/01\/GPTempDownload-6.jpg\"\n    data-title=\"GPTempDownload-6\">\n\n<img decoding=\"async\" alt=\"GPTempDownload-7\"\n   src=\"https:\/\/sidemountsociety.com\/wp-content\/uploads\/2024\/01\/GPTempDownload-7-768x432.jpg\"\n    data-image=\"https:\/\/sidemountsociety.com\/wp-content\/uploads\/2024\/01\/GPTempDownload-7.jpg\"\n    data-title=\"GPTempDownload-7\">\n\n<img decoding=\"async\" alt=\"IMG_0717\"\n   src=\"https:\/\/sidemountsociety.com\/wp-content\/uploads\/2024\/01\/IMG_0717-768x431.jpg\"\n    data-image=\"https:\/\/sidemountsociety.com\/wp-content\/uploads\/2024\/01\/IMG_0717.jpg\"\n    data-title=\"IMG_0717\">\n\n<img decoding=\"async\" alt=\"DSC00170\"\n   src=\"https:\/\/sidemountsociety.com\/wp-content\/uploads\/2024\/01\/DSC00170-768x1365.jpg\"\n    data-image=\"https:\/\/sidemountsociety.com\/wp-content\/uploads\/2024\/01\/DSC00170.jpg\"\n    data-title=\"DSC00170\">\n\n<img decoding=\"async\" alt=\"IMG_1952\"\n   src=\"https:\/\/sidemountsociety.com\/wp-content\/uploads\/2024\/01\/IMG_1952-768x431.jpg\"\n    data-image=\"https:\/\/sidemountsociety.com\/wp-content\/uploads\/2024\/01\/IMG_1952.jpg\"\n    data-title=\"IMG_1952\">\n\n<img decoding=\"async\" alt=\"IMG_2073\"\n   src=\"https:\/\/sidemountsociety.com\/wp-content\/uploads\/2024\/01\/IMG_2073-768x1368.jpg\"\n    data-image=\"https:\/\/sidemountsociety.com\/wp-content\/uploads\/2024\/01\/IMG_2073.jpg\"\n    data-title=\"IMG_2073\">\n\n<img decoding=\"async\" alt=\"IMG_2063\"\n   src=\"https:\/\/sidemountsociety.com\/wp-content\/uploads\/2024\/01\/IMG_2063-768x431.jpg\"\n    data-image=\"https:\/\/sidemountsociety.com\/wp-content\/uploads\/2024\/01\/IMG_2063.jpg\"\n    data-title=\"IMG_2063\">\n\n<img decoding=\"async\" alt=\"IMG_5516\"\n   src=\"https:\/\/sidemountsociety.com\/wp-content\/uploads\/2024\/01\/IMG_5516-768x431.jpg\"\n    data-image=\"https:\/\/sidemountsociety.com\/wp-content\/uploads\/2024\/01\/IMG_5516.jpg\"\n    data-title=\"IMG_5516\">\n\n<img decoding=\"async\" alt=\"IMG_6915\"\n   src=\"https:\/\/sidemountsociety.com\/wp-content\/uploads\/2024\/01\/IMG_6915-2-768x472.jpg\"\n    data-image=\"https:\/\/sidemountsociety.com\/wp-content\/uploads\/2024\/01\/IMG_6915-2.jpg\"\n    data-title=\"IMG_6915\">\n\n<img decoding=\"async\" alt=\"IMG_7369\"\n   src=\"https:\/\/sidemountsociety.com\/wp-content\/uploads\/2024\/01\/IMG_7369-768x486.jpg\"\n    data-image=\"https:\/\/sidemountsociety.com\/wp-content\/uploads\/2024\/01\/IMG_7369.jpg\"\n    data-title=\"IMG_7369\">\n\n<img decoding=\"async\" alt=\"DSC00408\"\n   src=\"https:\/\/sidemountsociety.com\/wp-content\/uploads\/2024\/01\/DSC00408-1-768x1365.jpg\"\n    data-image=\"https:\/\/sidemountsociety.com\/wp-content\/uploads\/2024\/01\/DSC00408-1.jpg\"\n    data-title=\"DSC00408\">\n\n<img decoding=\"async\" alt=\"IMG_7396\"\n   src=\"https:\/\/sidemountsociety.com\/wp-content\/uploads\/2024\/01\/IMG_7396-768x512.jpg\"\n    data-image=\"https:\/\/sidemountsociety.com\/wp-content\/uploads\/2024\/01\/IMG_7396.jpg\"\n    data-title=\"IMG_7396\">\n\n<img decoding=\"async\" alt=\"DSC00375\"\n   src=\"https:\/\/sidemountsociety.com\/wp-content\/uploads\/2024\/01\/DSC00375-768x432.jpg\"\n    data-image=\"https:\/\/sidemountsociety.com\/wp-content\/uploads\/2024\/01\/DSC00375.jpg\"\n    data-title=\"DSC00375\">\n\n<img decoding=\"async\" alt=\"DSC00385\"\n   src=\"https:\/\/sidemountsociety.com\/wp-content\/uploads\/2024\/01\/DSC00385-768x432.jpg\"\n    data-image=\"https:\/\/sidemountsociety.com\/wp-content\/uploads\/2024\/01\/DSC00385.jpg\"\n    data-title=\"DSC00385\">\n\n<img decoding=\"async\" alt=\"DSC00814\"\n   src=\"https:\/\/sidemountsociety.com\/wp-content\/uploads\/2024\/01\/DSC00814-768x432.jpg\"\n    data-image=\"https:\/\/sidemountsociety.com\/wp-content\/uploads\/2024\/01\/DSC00814.jpg\"\n    data-title=\"DSC00814\">\n\n<img decoding=\"async\" alt=\"GPTempDownload\"\n   src=\"https:\/\/sidemountsociety.com\/wp-content\/uploads\/2024\/01\/GPTempDownload-1-768x432.jpg\"\n    data-image=\"https:\/\/sidemountsociety.com\/wp-content\/uploads\/2024\/01\/GPTempDownload-1.jpg\"\n    data-title=\"GPTempDownload\">\n\n<img decoding=\"async\" alt=\"DSC00834\"\n   src=\"https:\/\/sidemountsociety.com\/wp-content\/uploads\/2024\/01\/DSC00834-768x432.jpg\"\n    data-image=\"https:\/\/sidemountsociety.com\/wp-content\/uploads\/2024\/01\/DSC00834.jpg\"\n    data-title=\"DSC00834\">\n\n  \n<\/div>\n<!-- end Masonry Gallery -->\t\t\t\t<\/div>\n\t\t\t\t<\/div>\n\t\t\t\t\t<\/div>\n\t\t\t\t<\/div>\n\t\t\t\t<\/div>\n\t\t","protected":false},"excerpt":{"rendered":"<p>Galeria Sidemount Society Jedn\u0105 z naszych wielkich pasji jest fotografia podwodna. Czas, kt\u00f3ry mo\u017cemy sp\u0119dzi\u0107 pod powierzchni\u0105 jest ograniczony, ale robienie zdj\u0119\u0107 pozwala nam uchwyci\u0107 najlepsze momenty, zachowa\u0107 je na zawsze i dzieli\u0107 si\u0119 nimi z innymi.<\/p>\n","protected":false},"author":5,"featured_media":4128,"parent":0,"menu_order":0,"comment_status":"closed","ping_status":"closed","template":"","meta":{"_acf_changed":false,"footnotes":""},"class_list":["post-4449","page","type-page","status-publish","has-post-thumbnail","hentry"],"acf":[],"_links":{"self":[{"href":"https:\/\/sidemountsociety.com\/pl\/wp-json\/wp\/v2\/pages\/4449","targetHints":{"allow":["GET"]}}],"collection":[{"href":"https:\/\/sidemountsociety.com\/pl\/wp-json\/wp\/v2\/pages"}],"about":[{"href":"https:\/\/sidemountsociety.com\/pl\/wp-json\/wp\/v2\/types\/page"}],"author":[{"embeddable":true,"href":"https:\/\/sidemountsociety.com\/pl\/wp-json\/wp\/v2\/users\/5"}],"replies":[{"embeddable":true,"href":"https:\/\/sidemountsociety.com\/pl\/wp-json\/wp\/v2\/comments?post=4449"}],"version-history":[{"count":6,"href":"https:\/\/sidemountsociety.com\/pl\/wp-json\/wp\/v2\/pages\/4449\/revisions"}],"predecessor-version":[{"id":5298,"href":"https:\/\/sidemountsociety.com\/pl\/wp-json\/wp\/v2\/pages\/4449\/revisions\/5298"}],"wp:featuredmedia":[{"embeddable":true,"href":"https:\/\/sidemountsociety.com\/pl\/wp-json\/wp\/v2\/media\/4128"}],"wp:attachment":[{"href":"https:\/\/sidemountsociety.com\/pl\/wp-json\/wp\/v2\/media?parent=4449"}],"curies":[{"name":"wp","href":"https:\/\/api.w.org\/{rel}","templated":true}]}}